{"id":104,"date":"2024-05-04T16:47:01","date_gmt":"2024-05-04T14:47:01","guid":{"rendered":"https:\/\/www.tennis-saintes.fr\/?page_id=104"},"modified":"2024-05-16T21:36:39","modified_gmt":"2024-05-16T19:36:39","slug":"reserver-en-ligne","status":"publish","type":"page","link":"https:\/\/www.tennis-saintes.fr\/?page_id=104","title":{"rendered":"Notre application : R\u00e9servations et achats en ligne"},"content":{"rendered":"\n<p>Le T.P.C Saintes poss\u00e8de un application d\u00e9di\u00e9e pour r\u00e9server des terrains et r\u00e9gler en ligne. Vous pouvez donc r\u00e9server avec votre t\u00e9l\u00e9phone ou avec votre ordinateur :<\/p>\n\n\n\n<p class=\"has-vivid-red-color has-text-color has-link-color has-medium-font-size wp-elements-6d9a5b0cfe7a7eb2954b60e506810e59\"><strong>R\u00e9server en ligne<\/strong><\/p>\n\n\n\n<ul class=\"wp-block-list\">\n<li><strong>Avec votre t\u00e9l\u00e9phone<\/strong> en t\u00e9l\u00e9chargeant l&rsquo;application \u00ab\u00a0TC Saintes\u00a0\u00bb via le Playstore <em>ou lien ci-dessous<\/em><\/li>\n\n\n\n<li><strong>Avec votre ordinateur<\/strong> en cliquant sur le lien suivant : <a href=\"https:\/\/tcsaintes.doinsport.club\/home\"><mark style=\"background-color:rgba(0, 0, 0, 0)\" class=\"has-inline-color has-vivid-red-color\">R\u00e9servez en quelques clics (doinsport.club)<\/mark><\/a><\/li>\n<\/ul>\n\n\n\n<p>Dans les 2 cas, vous allez devoir cr\u00e9er votre compte pour r\u00e9aliser une r\u00e9servation.<\/p>\n\n\n\n<figure class=\"wp-block-image size-large is-resized\"><img loading=\"lazy\" decoding=\"async\" width=\"1024\" height=\"399\" src=\"https:\/\/www.tennis-saintes.fr\/wp-content\/uploads\/2024\/05\/dfgjloi-1024x399.jpg\" alt=\"\" class=\"wp-image-278\" style=\"width:434px;height:auto\" srcset=\"https:\/\/www.tennis-saintes.fr\/wp-content\/uploads\/2024\/05\/dfgjloi-1024x399.jpg 1024w, https:\/\/www.tennis-saintes.fr\/wp-content\/uploads\/2024\/05\/dfgjloi-300x117.jpg 300w, https:\/\/www.tennis-saintes.fr\/wp-content\/uploads\/2024\/05\/dfgjloi-768x300.jpg 768w, https:\/\/www.tennis-saintes.fr\/wp-content\/uploads\/2024\/05\/dfgjloi.jpg 1487w\" sizes=\"auto, (max-width: 1024px) 100vw, 1024px\" \/><\/figure>\n\n\n\n<p class=\"has-vivid-red-color has-text-color has-link-color has-medium-font-size wp-elements-af5e4dd1161094e7cde29bbce1ec2283\"><strong>R\u00e9aliser des achats en ligne<\/strong><\/p>\n\n\n\n<ul class=\"wp-block-list\">\n<li>Acheter des cr\u00e9dits padel ou de heures de tennis : Aller sur \u00ab\u00a0Boutique\u00a0\u00bb \/ sur \u00ab\u00a0Cr\u00e9dits Padel\u00a0\u00bb ou \u00ab\u00a0Cr\u00e9dits Tennis\u00a0\u00bb \/ puis faire votre choix.<\/li>\n\n\n\n<li>Recharger votre portefeuille \u00e9lectronique \u00ab\u00a0Wallet\u00a0\u00bb et r\u00e9gler l&rsquo;ensemble des prestations du club (location, bar, mat\u00e9riel&#8230;) : Aller sur \u00ab\u00a0Boutique\u00a0\u00bb \/ \u00ab\u00a0recharge wallet\u00a0\u00bb \/ Choisissez votre prestation puis la quantit\u00e9.<\/li>\n<\/ul>\n\n\n\n<p>Votre compte se chargera automatiquement.<\/p>\n\n\n\n<figure class=\"wp-block-gallery has-nested-images columns-default is-cropped wp-block-gallery-1 is-layout-flex wp-block-gallery-is-layout-flex\">\n<figure class=\"wp-block-image size-large\"><img loading=\"lazy\" decoding=\"async\" width=\"473\" height=\"1024\" data-id=\"481\" src=\"https:\/\/www.tennis-saintes.fr\/wp-content\/uploads\/2024\/05\/Screenshot_20240516-213047-473x1024.png\" alt=\"\" class=\"wp-image-481\" srcset=\"https:\/\/www.tennis-saintes.fr\/wp-content\/uploads\/2024\/05\/Screenshot_20240516-213047-473x1024.png 473w, https:\/\/www.tennis-saintes.fr\/wp-content\/uploads\/2024\/05\/Screenshot_20240516-213047-138x300.png 138w, https:\/\/www.tennis-saintes.fr\/wp-content\/uploads\/2024\/05\/Screenshot_20240516-213047-768x1664.png 768w, https:\/\/www.tennis-saintes.fr\/wp-content\/uploads\/2024\/05\/Screenshot_20240516-213047-709x1536.png 709w, https:\/\/www.tennis-saintes.fr\/wp-content\/uploads\/2024\/05\/Screenshot_20240516-213047-945x2048.png 945w, https:\/\/www.tennis-saintes.fr\/wp-content\/uploads\/2024\/05\/Screenshot_20240516-213047.png 1080w\" sizes=\"auto, (max-width: 473px) 100vw, 473px\" \/><\/figure>\n\n\n\n<figure class=\"wp-block-image size-large\"><img loading=\"lazy\" decoding=\"async\" width=\"473\" height=\"1024\" data-id=\"482\" src=\"https:\/\/www.tennis-saintes.fr\/wp-content\/uploads\/2024\/05\/Screenshot_20240516-213108-473x1024.png\" alt=\"\" class=\"wp-image-482\" srcset=\"https:\/\/www.tennis-saintes.fr\/wp-content\/uploads\/2024\/05\/Screenshot_20240516-213108-473x1024.png 473w, https:\/\/www.tennis-saintes.fr\/wp-content\/uploads\/2024\/05\/Screenshot_20240516-213108-138x300.png 138w, https:\/\/www.tennis-saintes.fr\/wp-content\/uploads\/2024\/05\/Screenshot_20240516-213108-768x1664.png 768w, https:\/\/www.tennis-saintes.fr\/wp-content\/uploads\/2024\/05\/Screenshot_20240516-213108-709x1536.png 709w, https:\/\/www.tennis-saintes.fr\/wp-content\/uploads\/2024\/05\/Screenshot_20240516-213108-945x2048.png 945w, https:\/\/www.tennis-saintes.fr\/wp-content\/uploads\/2024\/05\/Screenshot_20240516-213108.png 1080w\" sizes=\"auto, (max-width: 473px) 100vw, 473px\" \/><\/figure>\n\n\n\n<figure class=\"wp-block-image size-large\"><img loading=\"lazy\" decoding=\"async\" width=\"473\" height=\"1024\" data-id=\"483\" src=\"https:\/\/www.tennis-saintes.fr\/wp-content\/uploads\/2024\/05\/Screenshot_20240516-213119-473x1024.png\" alt=\"\" class=\"wp-image-483\" srcset=\"https:\/\/www.tennis-saintes.fr\/wp-content\/uploads\/2024\/05\/Screenshot_20240516-213119-473x1024.png 473w, https:\/\/www.tennis-saintes.fr\/wp-content\/uploads\/2024\/05\/Screenshot_20240516-213119-138x300.png 138w, https:\/\/www.tennis-saintes.fr\/wp-content\/uploads\/2024\/05\/Screenshot_20240516-213119-768x1664.png 768w, https:\/\/www.tennis-saintes.fr\/wp-content\/uploads\/2024\/05\/Screenshot_20240516-213119-709x1536.png 709w, https:\/\/www.tennis-saintes.fr\/wp-content\/uploads\/2024\/05\/Screenshot_20240516-213119-945x2048.png 945w, https:\/\/www.tennis-saintes.fr\/wp-content\/uploads\/2024\/05\/Screenshot_20240516-213119.png 1080w\" sizes=\"auto, (max-width: 473px) 100vw, 473px\" \/><\/figure>\n<\/figure>\n\n\n\n<p><\/p>\n\n\n\n<p><\/p>\n","protected":false},"excerpt":{"rendered":"<p>Le T.P.C Saintes poss\u00e8de un application d\u00e9di\u00e9e pour r\u00e9server des terrains et r\u00e9gler en ligne. Vous pouvez donc r\u00e9server avec votre t\u00e9l\u00e9phone ou avec votre&hellip;<\/p>\n","protected":false},"author":1,"featured_media":278,"parent":0,"menu_order":0,"comment_status":"closed","ping_status":"closed","template":"","meta":{"footnotes":""},"class_list":["post-104","page","type-page","status-publish","has-post-thumbnail","hentry"],"_links":{"self":[{"href":"https:\/\/www.tennis-saintes.fr\/index.php?rest_route=\/wp\/v2\/pages\/104","targetHints":{"allow":["GET"]}}],"collection":[{"href":"https:\/\/www.tennis-saintes.fr\/index.php?rest_route=\/wp\/v2\/pages"}],"about":[{"href":"https:\/\/www.tennis-saintes.fr\/index.php?rest_route=\/wp\/v2\/types\/page"}],"author":[{"embeddable":true,"href":"https:\/\/www.tennis-saintes.fr\/index.php?rest_route=\/wp\/v2\/users\/1"}],"replies":[{"embeddable":true,"href":"https:\/\/www.tennis-saintes.fr\/index.php?rest_route=%2Fwp%2Fv2%2Fcomments&post=104"}],"version-history":[{"count":8,"href":"https:\/\/www.tennis-saintes.fr\/index.php?rest_route=\/wp\/v2\/pages\/104\/revisions"}],"predecessor-version":[{"id":486,"href":"https:\/\/www.tennis-saintes.fr\/index.php?rest_route=\/wp\/v2\/pages\/104\/revisions\/486"}],"wp:featuredmedia":[{"embeddable":true,"href":"https:\/\/www.tennis-saintes.fr\/index.php?rest_route=\/wp\/v2\/media\/278"}],"wp:attachment":[{"href":"https:\/\/www.tennis-saintes.fr\/index.php?rest_route=%2Fwp%2Fv2%2Fmedia&parent=104"}],"curies":[{"name":"wp","href":"https:\/\/api.w.org\/{rel}","templated":true}]}}