{"id":107,"date":"2024-05-04T16:48:44","date_gmt":"2024-05-04T14:48:44","guid":{"rendered":"https:\/\/www.tennis-saintes.fr\/?page_id=107"},"modified":"2025-08-27T07:16:18","modified_gmt":"2025-08-27T05:16:18","slug":"cours-tennis-padel","status":"publish","type":"page","link":"https:\/\/www.tennis-saintes.fr\/?page_id=107","title":{"rendered":"Cours Adultes Tennis &amp; Padel &amp; inscriptions"},"content":{"rendered":"\n<p>Le Club T.P.C &#8211; Tennis et Padel de Saintes dispense un enseignement collectif et individuel aux adultes, permettant de r\u00e9pondre \u00e0 toutes les formes de pratique (d\u00e9couverte, perfectionnement, comp\u00e9tition) pour tout type de joueur, que ce soit en loisir ou en comp\u00e9tition. <\/p>\n\n\n\n<p>Les cours sont <strong>encadr\u00e9s par des professeurs dipl\u00f4m\u00e9s<\/strong>&nbsp;selon des groupe de niveaux adapt\u00e9s, et se d\u00e9roulent essentiellement les soirs en semaine mais \u00e9galement en journ\u00e9e.<\/p>\n\n\n\n<p>Retrouvez les modalit\u00e9s d&rsquo;inscriptions et les tarifs pour les adultes au titre de la saison 2024-2025 en cliquant ici : <strong><a href=\"https:\/\/www.tennis-saintes.fr\/?p=272\" data-type=\"link\" data-id=\"https:\/\/www.tennis-saintes.fr\/?p=272\">Inscription Adultes et jeunes 18\/25 ans<\/a><\/strong><\/p>\n\n\n\n<p>Des stages sont \u00e9galement organis\u00e9s pendant les vacances scolaires pour les jeunes comme pour les adultes (consulter notre calendrier du club pour les dates et horaires).<\/p>\n\n\n\n<p>Le Club Tennis &amp; Padel de Saintes propose depuis la rentr\u00e9e 2024-2025 une nouvelle forme de pratique avec le \u00ab\u00a0Tennis Sant\u00e9\u00a0\u00bb initi\u00e9 par la FFT. Pour en savoir plus, cliquez ici : <strong><a href=\"https:\/\/www.tennis-saintes.fr\/?p=501\" data-type=\"link\" data-id=\"https:\/\/www.tennis-saintes.fr\/?p=501\">Dispositif \u00ab\u00a0Tennis Sant\u00e9\u00a0\u00bb<\/a><\/strong><\/p>\n\n\n\n<p>Le club compte pr\u00e8s de 600 adh\u00e9rents dont 200 enfants et 80 adultes en enseignement tennis et padel.<\/p>\n\n\n\n<p><\/p>\n\n\n\n<p><strong>Contact Ecole de tennis&nbsp;<\/strong>: Ang\u00e9lique Lenestour 06-62-04-55-37<\/p>\n\n\n\n<p><strong>Contact Comp\u00e9tition<\/strong>&nbsp;: Jean-Philippe Cabrolier 06-60-62-27-98<\/p>\n","protected":false},"excerpt":{"rendered":"<p>Le Club T.P.C &#8211; Tennis et Padel de Saintes dispense un enseignement collectif et individuel aux adultes, permettant de r\u00e9pondre \u00e0 toutes les formes de&hellip;<\/p>\n","protected":false},"author":1,"featured_media":0,"parent":0,"menu_order":0,"comment_status":"closed","ping_status":"closed","template":"","meta":{"footnotes":""},"class_list":["post-107","page","type-page","status-publish","hentry"],"_links":{"self":[{"href":"https:\/\/www.tennis-saintes.fr\/index.php?rest_route=\/wp\/v2\/pages\/107","targetHints":{"allow":["GET"]}}],"collection":[{"href":"https:\/\/www.tennis-saintes.fr\/index.php?rest_route=\/wp\/v2\/pages"}],"about":[{"href":"https:\/\/www.tennis-saintes.fr\/index.php?rest_route=\/wp\/v2\/types\/page"}],"author":[{"embeddable":true,"href":"https:\/\/www.tennis-saintes.fr\/index.php?rest_route=\/wp\/v2\/users\/1"}],"replies":[{"embeddable":true,"href":"https:\/\/www.tennis-saintes.fr\/index.php?rest_route=%2Fwp%2Fv2%2Fcomments&post=107"}],"version-history":[{"count":8,"href":"https:\/\/www.tennis-saintes.fr\/index.php?rest_route=\/wp\/v2\/pages\/107\/revisions"}],"predecessor-version":[{"id":1286,"href":"https:\/\/www.tennis-saintes.fr\/index.php?rest_route=\/wp\/v2\/pages\/107\/revisions\/1286"}],"wp:attachment":[{"href":"https:\/\/www.tennis-saintes.fr\/index.php?rest_route=%2Fwp%2Fv2%2Fmedia&parent=107"}],"curies":[{"name":"wp","href":"https:\/\/api.w.org\/{rel}","templated":true}]}}