{"id":109,"date":"2024-05-04T16:49:32","date_gmt":"2024-05-04T14:49:32","guid":{"rendered":"https:\/\/www.tennis-saintes.fr\/?page_id=109"},"modified":"2025-01-30T15:31:49","modified_gmt":"2025-01-30T14:31:49","slug":"competitions","status":"publish","type":"page","link":"https:\/\/www.tennis-saintes.fr\/?page_id=109","title":{"rendered":"Comp\u00e9titions"},"content":{"rendered":"\n<p>Cette rubrique concerne toutes les comp\u00e9titions organis\u00e9es et g\u00e9r\u00e9es par le club au tennis et au padel : <\/p>\n\n\n\n<ul class=\"wp-block-list\">\n<li style=\"font-style:normal;font-weight:700\">Les TMC et les tournois OPEN jeunes et adultes au tennis.<\/li>\n\n\n\n<li style=\"font-style:normal;font-weight:700\">Les rencontres par \u00e9quipes en tennis et au padel.<\/li>\n\n\n\n<li style=\"font-style:normal;font-weight:700\">Les tournois de padel du P25 au P500<\/li>\n<\/ul>\n\n\n\n<figure class=\"wp-block-gallery has-nested-images columns-default is-cropped wp-block-gallery-1 is-layout-flex wp-block-gallery-is-layout-flex\">\n<figure class=\"wp-block-image size-large\"><img loading=\"lazy\" decoding=\"async\" width=\"1024\" height=\"712\" data-id=\"318\" src=\"https:\/\/www.tennis-saintes.fr\/wp-content\/uploads\/2024\/05\/vvvvvb-1024x712.jpg\" alt=\"\" class=\"wp-image-318\" srcset=\"https:\/\/www.tennis-saintes.fr\/wp-content\/uploads\/2024\/05\/vvvvvb-1024x712.jpg 1024w, https:\/\/www.tennis-saintes.fr\/wp-content\/uploads\/2024\/05\/vvvvvb-300x209.jpg 300w, https:\/\/www.tennis-saintes.fr\/wp-content\/uploads\/2024\/05\/vvvvvb-768x534.jpg 768w, https:\/\/www.tennis-saintes.fr\/wp-content\/uploads\/2024\/05\/vvvvvb.jpg 1030w\" sizes=\"auto, (max-width: 1024px) 100vw, 1024px\" \/><\/figure>\n\n\n\n<figure class=\"wp-block-image size-large\"><img loading=\"lazy\" decoding=\"async\" width=\"1024\" height=\"492\" data-id=\"319\" src=\"https:\/\/www.tennis-saintes.fr\/wp-content\/uploads\/2024\/05\/gggggggh-1024x492.jpg\" alt=\"\" class=\"wp-image-319\" srcset=\"https:\/\/www.tennis-saintes.fr\/wp-content\/uploads\/2024\/05\/gggggggh-1024x492.jpg 1024w, https:\/\/www.tennis-saintes.fr\/wp-content\/uploads\/2024\/05\/gggggggh-300x144.jpg 300w, https:\/\/www.tennis-saintes.fr\/wp-content\/uploads\/2024\/05\/gggggggh-768x369.jpg 768w, https:\/\/www.tennis-saintes.fr\/wp-content\/uploads\/2024\/05\/gggggggh.jpg 1258w\" sizes=\"auto, (max-width: 1024px) 100vw, 1024px\" \/><\/figure>\n<\/figure>\n\n\n\n<p>Vous trouverez dans cette rubrique, les calendriers des rencontres ou des tournois ainsi que les modalit\u00e9s d&rsquo;inscriptions.<\/p>\n\n\n\n<p><a href=\"https:\/\/www.tennis-saintes.fr\/?p=309\" data-type=\"link\" data-id=\"https:\/\/www.tennis-saintes.fr\/?p=309\"><strong>Jouer en \u00e9quipe au T.P.C de Saintes<\/strong><\/a><\/p>\n\n\n\n<p><a href=\"https:\/\/www.tennis-saintes.fr\/?p=267\" data-type=\"link\" data-id=\"https:\/\/www.tennis-saintes.fr\/?p=267\"><strong>Tournois Padel &amp; inscriptions<\/strong><\/a><\/p>\n\n\n\n<p><a href=\"https:\/\/www.tennis-saintes.fr\/?p=718\" data-type=\"link\" data-id=\"https:\/\/www.tennis-saintes.fr\/?p=718\"><strong>Niveaux de padel 2024<\/strong><\/a><\/p>\n\n\n\n<p><\/p>\n","protected":false},"excerpt":{"rendered":"<p>Cette rubrique concerne toutes les comp\u00e9titions organis\u00e9es et g\u00e9r\u00e9es par le club au tennis et au padel : Vous trouverez dans cette rubrique, les calendriers&hellip;<\/p>\n","protected":false},"author":1,"featured_media":0,"parent":0,"menu_order":0,"comment_status":"closed","ping_status":"closed","template":"","meta":{"footnotes":""},"class_list":["post-109","page","type-page","status-publish","hentry"],"_links":{"self":[{"href":"https:\/\/www.tennis-saintes.fr\/index.php?rest_route=\/wp\/v2\/pages\/109","targetHints":{"allow":["GET"]}}],"collection":[{"href":"https:\/\/www.tennis-saintes.fr\/index.php?rest_route=\/wp\/v2\/pages"}],"about":[{"href":"https:\/\/www.tennis-saintes.fr\/index.php?rest_route=\/wp\/v2\/types\/page"}],"author":[{"embeddable":true,"href":"https:\/\/www.tennis-saintes.fr\/index.php?rest_route=\/wp\/v2\/users\/1"}],"replies":[{"embeddable":true,"href":"https:\/\/www.tennis-saintes.fr\/index.php?rest_route=%2Fwp%2Fv2%2Fcomments&post=109"}],"version-history":[{"count":4,"href":"https:\/\/www.tennis-saintes.fr\/index.php?rest_route=\/wp\/v2\/pages\/109\/revisions"}],"predecessor-version":[{"id":884,"href":"https:\/\/www.tennis-saintes.fr\/index.php?rest_route=\/wp\/v2\/pages\/109\/revisions\/884"}],"wp:attachment":[{"href":"https:\/\/www.tennis-saintes.fr\/index.php?rest_route=%2Fwp%2Fv2%2Fmedia&parent=109"}],"curies":[{"name":"wp","href":"https:\/\/api.w.org\/{rel}","templated":true}]}}