{"id":141,"date":"2024-05-04T22:14:43","date_gmt":"2024-05-04T20:14:43","guid":{"rendered":"https:\/\/www.tennis-saintes.fr\/?page_id=141"},"modified":"2024-05-08T08:52:40","modified_gmt":"2024-05-08T06:52:40","slug":"lecole-de-tennis-padel","status":"publish","type":"page","link":"https:\/\/www.tennis-saintes.fr\/?page_id=141","title":{"rendered":"L&rsquo;\u00e9cole de tennis\/padel"},"content":{"rendered":"\n<p>L&rsquo;\u00e9cole de tennis et de padel compte environ 200 enfants chaque ann\u00e9e. <strong>Elle est encadr\u00e9e par des professeurs dipl\u00f4m\u00e9s<\/strong> essentiellement le mercredi et le samedi matin mais \u00e9galement quelques soirs en semaine. Des stages, des tournois et des animations sont propos\u00e9s pendant les vacances ou parfois les week-end.<\/p>\n\n\n\n<p>Les jeunes assidus et plus tourn\u00e9s vers la comp\u00e9tition se verront proposer une progression et des entra\u00eenements adapt\u00e9s en relation avec les familles.<\/p>\n\n\n\n<figure class=\"wp-block-image size-large is-resized\"><img loading=\"lazy\" decoding=\"async\" width=\"1024\" height=\"854\" src=\"https:\/\/www.tennis-saintes.fr\/wp-content\/uploads\/2024\/05\/Screenshot_20230326_154603-1024x854.jpg\" alt=\"\" class=\"wp-image-251\" style=\"width:235px;height:auto\" srcset=\"https:\/\/www.tennis-saintes.fr\/wp-content\/uploads\/2024\/05\/Screenshot_20230326_154603-1024x854.jpg 1024w, https:\/\/www.tennis-saintes.fr\/wp-content\/uploads\/2024\/05\/Screenshot_20230326_154603-300x250.jpg 300w, https:\/\/www.tennis-saintes.fr\/wp-content\/uploads\/2024\/05\/Screenshot_20230326_154603-768x641.jpg 768w, https:\/\/www.tennis-saintes.fr\/wp-content\/uploads\/2024\/05\/Screenshot_20230326_154603.jpg 1080w\" sizes=\"auto, (max-width: 1024px) 100vw, 1024px\" \/><\/figure>\n\n\n\n<p class=\"has-vivid-red-color has-text-color has-link-color wp-elements-790042b72ca8a4d7e07f85eaa2f2e898\"><strong>Une classe \u00e0 horaires am\u00e9nag\u00e9s en partenariat avec le coll\u00e8ge Ren\u00e9 Cailli\u00e9 et le Lyc\u00e9e Recouvrance<\/strong> a \u00e9t\u00e9 mis en place depuis plusieurs ann\u00e9es pour une pratique plus approfondie.<\/p>\n\n\n\n<p><strong>Contact Ecole de tennis <\/strong>: Ang\u00e9lique Lenestour 0662045537<\/p>\n\n\n\n<p><strong>Contact Comp\u00e9tition<\/strong> : Jean-Philippe Cabrolier 0660622798<\/p>\n","protected":false},"excerpt":{"rendered":"<p>L&rsquo;\u00e9cole de tennis et de padel compte environ 200 enfants chaque ann\u00e9e. Elle est encadr\u00e9e par des professeurs dipl\u00f4m\u00e9s essentiellement le mercredi et le samedi&hellip;<\/p>\n","protected":false},"author":1,"featured_media":0,"parent":0,"menu_order":0,"comment_status":"closed","ping_status":"closed","template":"","meta":{"footnotes":""},"class_list":["post-141","page","type-page","status-publish","hentry"],"_links":{"self":[{"href":"https:\/\/www.tennis-saintes.fr\/index.php?rest_route=\/wp\/v2\/pages\/141","targetHints":{"allow":["GET"]}}],"collection":[{"href":"https:\/\/www.tennis-saintes.fr\/index.php?rest_route=\/wp\/v2\/pages"}],"about":[{"href":"https:\/\/www.tennis-saintes.fr\/index.php?rest_route=\/wp\/v2\/types\/page"}],"author":[{"embeddable":true,"href":"https:\/\/www.tennis-saintes.fr\/index.php?rest_route=\/wp\/v2\/users\/1"}],"replies":[{"embeddable":true,"href":"https:\/\/www.tennis-saintes.fr\/index.php?rest_route=%2Fwp%2Fv2%2Fcomments&post=141"}],"version-history":[{"count":3,"href":"https:\/\/www.tennis-saintes.fr\/index.php?rest_route=\/wp\/v2\/pages\/141\/revisions"}],"predecessor-version":[{"id":400,"href":"https:\/\/www.tennis-saintes.fr\/index.php?rest_route=\/wp\/v2\/pages\/141\/revisions\/400"}],"wp:attachment":[{"href":"https:\/\/www.tennis-saintes.fr\/index.php?rest_route=%2Fwp%2Fv2%2Fmedia&parent=141"}],"curies":[{"name":"wp","href":"https:\/\/api.w.org\/{rel}","templated":true}]}}