{"id":403,"date":"2024-05-10T06:43:33","date_gmt":"2024-05-10T04:43:33","guid":{"rendered":"https:\/\/www.tennis-saintes.fr\/?page_id=403"},"modified":"2026-04-09T07:35:11","modified_gmt":"2026-04-09T05:35:11","slug":"club-house-et-horaires-douverture","status":"publish","type":"page","link":"https:\/\/www.tennis-saintes.fr\/?page_id=403","title":{"rendered":"Club house et horaires d&rsquo;ouverture"},"content":{"rendered":"\n<p>Notre club house est compos\u00e9 de vestiaires, d&rsquo;un bar, d&rsquo;un pro shop (Raquettes, cordages, textiles, balles&#8230;) et de panneaux affichages et d&rsquo;un t\u00e9l\u00e9viseur pour vous informer. Les horaires d&rsquo;ouverture sont variables selon les \u00e9v\u00e8nements et l&rsquo;activit\u00e9 du club. Deux personnels d&rsquo;accueil sont aux services des membres et des joueurs (05.46.93.77.44)<\/p>\n\n\n\n<p class=\"has-large-font-size\"><\/p>\n\n\n\n<figure class=\"wp-block-gallery has-nested-images columns-default is-cropped wp-block-gallery-1 is-layout-flex wp-block-gallery-is-layout-flex\">\n<figure class=\"wp-block-image size-full\"><img loading=\"lazy\" decoding=\"async\" width=\"960\" height=\"720\" data-id=\"1558\" src=\"https:\/\/www.tennis-saintes.fr\/wp-content\/uploads\/2026\/04\/HORAIRES-avril-mai-26.jpg\" alt=\"\" class=\"wp-image-1558\" srcset=\"https:\/\/www.tennis-saintes.fr\/wp-content\/uploads\/2026\/04\/HORAIRES-avril-mai-26.jpg 960w, https:\/\/www.tennis-saintes.fr\/wp-content\/uploads\/2026\/04\/HORAIRES-avril-mai-26-300x225.jpg 300w, https:\/\/www.tennis-saintes.fr\/wp-content\/uploads\/2026\/04\/HORAIRES-avril-mai-26-768x576.jpg 768w\" sizes=\"auto, (max-width: 960px) 100vw, 960px\" \/><\/figure>\n<\/figure>\n\n\n\n<div data-wp-interactive=\"core\/file\" class=\"wp-block-file\"><object data-wp-bind--hidden=\"!state.hasPdfPreview\" hidden class=\"wp-block-file__embed\" data=\"https:\/\/www.tennis-saintes.fr\/wp-content\/uploads\/2026\/04\/horaires-avril-mai-26.pdf\" type=\"application\/pdf\" style=\"width:100%;height:600px\" aria-label=\"Contenu embarqu\u00e9 horaires avril mai 26.\"><\/object><a id=\"wp-block-file--media-60931fa7-0bdc-49ff-9f52-f4f7b65dd083\" href=\"https:\/\/www.tennis-saintes.fr\/wp-content\/uploads\/2026\/04\/horaires-avril-mai-26.pdf\">horaires avril mai 26<\/a><a href=\"https:\/\/www.tennis-saintes.fr\/wp-content\/uploads\/2026\/04\/horaires-avril-mai-26.pdf\" class=\"wp-block-file__button wp-element-button\" download aria-describedby=\"wp-block-file--media-60931fa7-0bdc-49ff-9f52-f4f7b65dd083\">T\u00e9l\u00e9charger<\/a><\/div>\n\n\n\n<p>Vous souhaitez profiter du bar et vous restaurer, consultez la page : <strong><a href=\"https:\/\/www.tennis-saintes.fr\/?p=407\" data-type=\"link\" data-id=\"https:\/\/www.tennis-saintes.fr\/?p=407\">Un rafraichissement ou une petite faim au club !<\/a><\/strong><\/p>\n\n\n\n<p>Vous avez besoin de mat\u00e9riel ? Le pro-shop vous permet d&rsquo;acqu\u00e9rir du mat\u00e9riel de tennis et padel et de corder vos raquettes&nbsp;. Cliquez ici : <a href=\"https:\/\/www.tennis-saintes.fr\/?p=464\"><strong>Le pro-shop<\/strong><\/a><\/p>\n\n\n\n<p><\/p>\n","protected":false},"excerpt":{"rendered":"<p>Notre club house est compos\u00e9 de vestiaires, d&rsquo;un bar, d&rsquo;un pro shop (Raquettes, cordages, textiles, balles&#8230;) et de panneaux affichages et d&rsquo;un t\u00e9l\u00e9viseur pour vous&hellip;<\/p>\n","protected":false},"author":1,"featured_media":1561,"parent":0,"menu_order":0,"comment_status":"closed","ping_status":"closed","template":"","meta":{"footnotes":""},"class_list":["post-403","page","type-page","status-publish","has-post-thumbnail","hentry"],"_links":{"self":[{"href":"https:\/\/www.tennis-saintes.fr\/index.php?rest_route=\/wp\/v2\/pages\/403","targetHints":{"allow":["GET"]}}],"collection":[{"href":"https:\/\/www.tennis-saintes.fr\/index.php?rest_route=\/wp\/v2\/pages"}],"about":[{"href":"https:\/\/www.tennis-saintes.fr\/index.php?rest_route=\/wp\/v2\/types\/page"}],"author":[{"embeddable":true,"href":"https:\/\/www.tennis-saintes.fr\/index.php?rest_route=\/wp\/v2\/users\/1"}],"replies":[{"embeddable":true,"href":"https:\/\/www.tennis-saintes.fr\/index.php?rest_route=%2Fwp%2Fv2%2Fcomments&post=403"}],"version-history":[{"count":24,"href":"https:\/\/www.tennis-saintes.fr\/index.php?rest_route=\/wp\/v2\/pages\/403\/revisions"}],"predecessor-version":[{"id":1562,"href":"https:\/\/www.tennis-saintes.fr\/index.php?rest_route=\/wp\/v2\/pages\/403\/revisions\/1562"}],"wp:featuredmedia":[{"embeddable":true,"href":"https:\/\/www.tennis-saintes.fr\/index.php?rest_route=\/wp\/v2\/media\/1561"}],"wp:attachment":[{"href":"https:\/\/www.tennis-saintes.fr\/index.php?rest_route=%2Fwp%2Fv2%2Fmedia&parent=403"}],"curies":[{"name":"wp","href":"https:\/\/api.w.org\/{rel}","templated":true}]}}