{"id":61,"date":"2024-05-04T15:32:24","date_gmt":"2024-05-04T13:32:24","guid":{"rendered":"https:\/\/www.tennis-saintes.fr\/?page_id=61"},"modified":"2026-02-17T11:08:48","modified_gmt":"2026-02-17T10:08:48","slug":"tarifs","status":"publish","type":"page","link":"https:\/\/www.tennis-saintes.fr\/?page_id=61","title":{"rendered":"Tarifs Tennis &amp; Padel 2025\/2026"},"content":{"rendered":"\n<p>Ci-joint les tarifs de septembre 2025 \u00e0 ao\u00fbt 2026.<\/p>\n\n\n\n<p class=\"has-vivid-red-color has-text-color has-link-color has-medium-font-size wp-elements-bb7d004ff1ba77407f16cfee3a4f6fdf\"><strong>Renseignement \u00e0 l&rsquo;accueil au 05.46.93.77.44<\/strong><\/p>\n\n\n\n<figure class=\"wp-block-image size-large\"><img loading=\"lazy\" decoding=\"async\" width=\"1024\" height=\"724\" src=\"https:\/\/www.tennis-saintes.fr\/wp-content\/uploads\/2026\/02\/2-1024x724.jpg\" alt=\"\" class=\"wp-image-1512\" srcset=\"https:\/\/www.tennis-saintes.fr\/wp-content\/uploads\/2026\/02\/2-1024x724.jpg 1024w, https:\/\/www.tennis-saintes.fr\/wp-content\/uploads\/2026\/02\/2-300x212.jpg 300w, https:\/\/www.tennis-saintes.fr\/wp-content\/uploads\/2026\/02\/2-768x543.jpg 768w, https:\/\/www.tennis-saintes.fr\/wp-content\/uploads\/2026\/02\/2-1536x1086.jpg 1536w, https:\/\/www.tennis-saintes.fr\/wp-content\/uploads\/2026\/02\/2.jpg 2000w\" sizes=\"auto, (max-width: 1024px) 100vw, 1024px\" \/><\/figure>\n\n\n\n<figure class=\"wp-block-gallery has-nested-images columns-default is-cropped wp-block-gallery-1 is-layout-flex wp-block-gallery-is-layout-flex\">\n<figure class=\"wp-block-image size-large\"><img loading=\"lazy\" decoding=\"async\" width=\"1024\" height=\"724\" data-id=\"1514\" src=\"https:\/\/www.tennis-saintes.fr\/wp-content\/uploads\/2026\/02\/1-1024x724.jpg\" alt=\"\" class=\"wp-image-1514\" srcset=\"https:\/\/www.tennis-saintes.fr\/wp-content\/uploads\/2026\/02\/1-1024x724.jpg 1024w, https:\/\/www.tennis-saintes.fr\/wp-content\/uploads\/2026\/02\/1-300x212.jpg 300w, https:\/\/www.tennis-saintes.fr\/wp-content\/uploads\/2026\/02\/1-768x543.jpg 768w, https:\/\/www.tennis-saintes.fr\/wp-content\/uploads\/2026\/02\/1-1536x1086.jpg 1536w, https:\/\/www.tennis-saintes.fr\/wp-content\/uploads\/2026\/02\/1.jpg 2000w\" sizes=\"auto, (max-width: 1024px) 100vw, 1024px\" \/><\/figure>\n<\/figure>\n\n\n\n<figure class=\"wp-block-image size-large\"><img loading=\"lazy\" decoding=\"async\" width=\"1024\" height=\"724\" src=\"https:\/\/www.tennis-saintes.fr\/wp-content\/uploads\/2026\/02\/3-1024x724.jpg\" alt=\"\" class=\"wp-image-1515\" srcset=\"https:\/\/www.tennis-saintes.fr\/wp-content\/uploads\/2026\/02\/3-1024x724.jpg 1024w, https:\/\/www.tennis-saintes.fr\/wp-content\/uploads\/2026\/02\/3-300x212.jpg 300w, https:\/\/www.tennis-saintes.fr\/wp-content\/uploads\/2026\/02\/3-768x543.jpg 768w, https:\/\/www.tennis-saintes.fr\/wp-content\/uploads\/2026\/02\/3-1536x1086.jpg 1536w, https:\/\/www.tennis-saintes.fr\/wp-content\/uploads\/2026\/02\/3.jpg 2000w\" sizes=\"auto, (max-width: 1024px) 100vw, 1024px\" \/><\/figure>\n","protected":false},"excerpt":{"rendered":"<p>Ci-joint les tarifs de septembre 2025 \u00e0 ao\u00fbt 2026. Renseignement \u00e0 l&rsquo;accueil au 05.46.93.77.44<\/p>\n","protected":false},"author":1,"featured_media":1516,"parent":0,"menu_order":0,"comment_status":"closed","ping_status":"closed","template":"","meta":{"footnotes":""},"class_list":["post-61","page","type-page","status-publish","has-post-thumbnail","hentry"],"_links":{"self":[{"href":"https:\/\/www.tennis-saintes.fr\/index.php?rest_route=\/wp\/v2\/pages\/61","targetHints":{"allow":["GET"]}}],"collection":[{"href":"https:\/\/www.tennis-saintes.fr\/index.php?rest_route=\/wp\/v2\/pages"}],"about":[{"href":"https:\/\/www.tennis-saintes.fr\/index.php?rest_route=\/wp\/v2\/types\/page"}],"author":[{"embeddable":true,"href":"https:\/\/www.tennis-saintes.fr\/index.php?rest_route=\/wp\/v2\/users\/1"}],"replies":[{"embeddable":true,"href":"https:\/\/www.tennis-saintes.fr\/index.php?rest_route=%2Fwp%2Fv2%2Fcomments&post=61"}],"version-history":[{"count":15,"href":"https:\/\/www.tennis-saintes.fr\/index.php?rest_route=\/wp\/v2\/pages\/61\/revisions"}],"predecessor-version":[{"id":1517,"href":"https:\/\/www.tennis-saintes.fr\/index.php?rest_route=\/wp\/v2\/pages\/61\/revisions\/1517"}],"wp:featuredmedia":[{"embeddable":true,"href":"https:\/\/www.tennis-saintes.fr\/index.php?rest_route=\/wp\/v2\/media\/1516"}],"wp:attachment":[{"href":"https:\/\/www.tennis-saintes.fr\/index.php?rest_route=%2Fwp%2Fv2%2Fmedia&parent=61"}],"curies":[{"name":"wp","href":"https:\/\/api.w.org\/{rel}","templated":true}]}}